{"id":21,"date":"2020-11-28T02:31:55","date_gmt":"2020-11-28T02:31:55","guid":{"rendered":"http:\/\/valelanutri.com\/?page_id=21"},"modified":"2025-06-18T06:18:49","modified_gmt":"2025-06-18T06:18:49","slug":"quienes-somos","status":"publish","type":"page","link":"https:\/\/valelanutri.com\/?page_id=21","title":{"rendered":"Qui\u00e9nes somos"},"content":{"rendered":"\n<p><\/p>\n\n\n\n<section id=\"section-fae5826a-6dbe-40ed-a768-0bab0df9746a\" class=\"wp-block-gutentor-image-slider gutentor-section gutentor-image-slider imageSlider-template1\"><div class=\"gutentor-grid-item-wrap\"><div class=\"gutentor-slider-wrapper\" data-dots=\"false\" data-arrows=\"false\" data-infinite=\"false\" data-nextarrow=\"fas fa-angle-right\" data-prevarrow=\"fas fa-angle-left\" data-autoplay=\"true\" data-autoplayspeed=\"7000\" data-fade=\"false\" data-speed=\"900\"><div class=\"gutentor-slider-item\"><div class=\"gutentor-single-item gutentor-single-item-0\"><div class=\"gutentor-single-item-wrap\"><div class=\"gutentor-single-item-image-box\"><div class=\"gutentor-bg-image\"><\/div><\/div><div class=\"gutentor-single-item-content\"><div class=\"grid-container\"><div class=\"slider-caption text-center\"><\/div><\/div><\/div><\/div><\/div><\/div><\/div><\/div><\/section>\n\n\n\n<section id=\"section-0029c6aa-dc44-4cf3-9c6f-430668b4e5d1\" class=\"wp-block-gutentor-advanced-columns gutentor-section gutentor-advanced-columns has-color-bg has-custom-bg\"><div class=\"grid-container\"><div class=\"grid-row\">\n<div id=\"section-9c94ae63-5bb8-4007-a576-c4625e88ffe6\" class=\"wp-block-gutentor-single-column gutentor-single-column  grid-lg-4 grid-md-12 grid-12\">\n<figure class=\"wp-block-image size-large\"><img loading=\"lazy\" decoding=\"async\" width=\"684\" height=\"1024\" src=\"http:\/\/valelanutri.com\/wp-content\/uploads\/2020\/12\/V_ELB0353-684x1024.jpg\" alt=\"\" class=\"wp-image-186\" srcset=\"https:\/\/valelanutri.com\/wp-content\/uploads\/2020\/12\/V_ELB0353-684x1024.jpg 684w, https:\/\/valelanutri.com\/wp-content\/uploads\/2020\/12\/V_ELB0353-200x300.jpg 200w, https:\/\/valelanutri.com\/wp-content\/uploads\/2020\/12\/V_ELB0353-768x1151.jpg 768w, https:\/\/valelanutri.com\/wp-content\/uploads\/2020\/12\/V_ELB0353-1025x1536.jpg 1025w, https:\/\/valelanutri.com\/wp-content\/uploads\/2020\/12\/V_ELB0353-1367x2048.jpg 1367w, https:\/\/valelanutri.com\/wp-content\/uploads\/2020\/12\/V_ELB0353-scaled.jpg 1709w\" sizes=\"(max-width: 684px) 100vw, 684px\" \/><\/figure>\n<\/div>\n\n\n\n<div id=\"section-3279e955-d27b-492c-89b1-e9a97a4b1b66\" class=\"wp-block-gutentor-single-column gutentor-single-column  grid-lg-8 grid-md-12 grid-12\">\n<div id=\"section-abd649bf-7db0-46c0-940e-6ea3b6d8043f\" class=\"wp-block-gutentor-content-box gutentor-section gutentor-content-box-wrapper content-template1 text-left\"><div class=\"grid-container\"><div class=\"grid-row gutentor-grid-item-wrap\"><div class=\"gutentor-grid-column grid-lg-12 grid-md-12 grid-12\"><div class=\"gutentor-single-item gutentor-single-item-0\"><div class=\"gutentor-single-item-wrap\"><div class=\"gutentor-single-item-content\"><h1 class=\"gutentor-single-item-title\">\u00a1Hola! Yo soy Vale,<\/h1><p class=\"gutentor-single-item-desc\">Vale la Nutri\u00a0<img loading=\"lazy\" decoding=\"async\" height=\"16\" width=\"16\" alt=\"??\u200d\u2695\ufe0f\" src=\"https:\/\/static.xx.fbcdn.net\/images\/emoji.php\/v9\/t59\/1\/16\/1f469_1f3fc_200d_2695.png\">\u00a0amante de todos los temas relacionados con la salud f\u00edsica y emocional. Me apasiona promover un estilo de vida saludable basado en h\u00e1bitos y equilibro.<br><br>No prescribo dietas extremas ni \u201cde moda\u201d. Llevo muchos a\u00f1os de vivir feliz y saludable sin restricciones pero en equilibro y creo que esta es la forma m\u00e1s sana de mantener un peso estable.\u00a0<br><br>\u00a1Te invito a aprender conmigo sobre nutrici\u00f3n saludable!<\/p><\/div><\/div><\/div><\/div><\/div><\/div><\/div>\n\n\n\n<div id=\"section-d7a0957e-a665-4ff6-bb00-2beb52e4f564\" class=\"wp-block-gutentor-list gutentor-section gutentor-list-wrapper list-template1 text-left\"><div class=\"grid-container\"><ul class=\"grid-row gutentor-grid-item-wrap list-indicator-icon text-left\"><li class=\"gutentor-list-item grid-lg-6 grid-12 grid-12\"><span class=\"gutentor-single-item gutentor-single-item-0\"><span class=\"gutentor-list-item-wrap\"><span class=\"gutentor-single-list-item-icon\"><i class=\"list-item-icon far fa-check-circle\"><\/i><\/span><span class=\"gutentor-list-item\"><p class=\"gutentor-single-item-title\">Nutricionista<\/p><\/span><\/span><\/span><\/li><li class=\"gutentor-list-item grid-lg-6 grid-12 grid-12\"><span class=\"gutentor-single-item gutentor-single-item-1\"><span class=\"gutentor-list-item-wrap\"><span class=\"gutentor-single-list-item-icon\"><i class=\"list-item-icon far fa-check-circle\"><\/i><\/span><span class=\"gutentor-list-item\"><p class=\"gutentor-single-item-title\">M\u00e1s de 10 a\u00f1os de experiencia<\/p><\/span><\/span><\/span><\/li><li class=\"gutentor-list-item grid-lg-6 grid-12 grid-12\"><span class=\"gutentor-single-item gutentor-single-item-2\"><span class=\"gutentor-list-item-wrap\"><span class=\"gutentor-single-list-item-icon\"><i class=\"list-item-icon far fa-check-circle\"><\/i><\/span><span class=\"gutentor-list-item\"><p class=\"gutentor-single-item-title\">Graduada de la UCR con honores<\/p><\/span><\/span><\/span><\/li><li class=\"gutentor-list-item grid-lg-6 grid-12 grid-12\"><span class=\"gutentor-single-item gutentor-single-item-3\"><span class=\"gutentor-list-item-wrap\"><span class=\"gutentor-single-list-item-icon\"><i class=\"list-item-icon far fa-check-circle\"><\/i><\/span><span class=\"gutentor-list-item\"><p class=\"gutentor-single-item-title\">Manejo de enfermedades cr\u00f3nicas<\/p><\/span><\/span><\/span><\/li><li class=\"gutentor-list-item grid-lg-6 grid-12 grid-12\"><span class=\"gutentor-single-item gutentor-single-item-4\"><span class=\"gutentor-list-item-wrap\"><span class=\"gutentor-single-list-item-icon\"><i class=\"list-item-icon far fa-check-circle\"><\/i><\/span><span class=\"gutentor-list-item\"><p class=\"gutentor-single-item-title\">Estudios en alimentaci\u00f3n emocional<\/p><\/span><\/span><\/span><\/li><li class=\"gutentor-list-item grid-lg-6 grid-12 grid-12\"><span class=\"gutentor-single-item gutentor-single-item-5\"><span class=\"gutentor-list-item-wrap\"><span class=\"gutentor-single-list-item-icon\"><i class=\"list-item-icon far fa-check-circle\"><\/i><\/span><span class=\"gutentor-list-item\"><p class=\"gutentor-single-item-title\">Certificaci\u00f3n Internacional en nutrici\u00f3n deportiva<\/p><\/span><\/span><\/span><\/li><\/ul><\/div><\/div>\n<\/div>\n<\/div><\/div><\/section>\n\n\n\n<section id=\"section-2a58f062-c823-417f-a03b-22ca56fd9ab9\" class=\"wp-block-gutentor-icon-box gutentor-section gutentor-icon-wrapper icon-template1\"><div class=\"grid-container\"><div class=\"grid-row gutentor-grid-item-wrap\"><div class=\"gutentor-grid-column grid-lg-4 grid-md-4 grid-12\"><div class=\"gutentor-single-item gutentor-icon gutentor-single-item-0\"><div class=\"gutentor-single-item-wrap\"><div class=\"gutentor-single-item-icon-box\"><i class=\"fas fa-arrow-down\"><\/i><\/div><div class=\"gutentor-single-item-content\"><h3 class=\"gutentor-single-item-title\">Baja de peso<\/h3><p class=\"gutentor-single-item-desc\">Sin dietas m\u00e1gicas, sin pasar hambre  y de forma progresiva, con base en los alimentos que a vos te gustan. Te ayudo a cambiar tus h\u00e1bitos para que tomes mejores decisiones a la hora de comer. <\/p><\/div><\/div><\/div><\/div><div class=\"gutentor-grid-column grid-lg-4 grid-md-4 grid-12\"><div class=\"gutentor-single-item gutentor-icon gutentor-single-item-1\"><div class=\"gutentor-single-item-wrap\"><div class=\"gutentor-single-item-icon-box\"><i class=\"fas fa-heartbeat\"><\/i><\/div><div class=\"gutentor-single-item-content\"><h3 class=\"gutentor-single-item-title\">Alcanza tus niveles \u00f3ptimos de salud<\/h3><p class=\"gutentor-single-item-desc\">Si padeces de presi\u00f3n arterial alta o baja, hipo o hiperglicemia (az\u00facar baja o alta), o alg\u00fan otro padecimiento cr\u00f3nico, una alimentaci\u00f3n saludable ser\u00e1 tu mejor decisi\u00f3n para poder mantener niveles saludables.<\/p><\/div><\/div><\/div><\/div><div class=\"gutentor-grid-column grid-lg-4 grid-md-4 grid-12\"><div class=\"gutentor-single-item gutentor-icon gutentor-single-item-2\"><div class=\"gutentor-single-item-wrap\"><div class=\"gutentor-single-item-icon-box\"><i class=\"fas fa-dumbbell\"><\/i><\/div><div class=\"gutentor-single-item-content\"><h3 class=\"gutentor-single-item-title\">Logra tus objetivos<\/h3><p class=\"gutentor-single-item-desc\">Ya sea que tu objetivo sea ganar m\u00fasculo, perder grasa, aumentar o bajar de peso, yo ser\u00e9 tu gu\u00eda para llegar a donde quer\u00e9s. <\/p><\/div><\/div><\/div><\/div><\/div><\/div><\/section>\n\n\n\n<section id=\"section-3f9879ea-8cca-4af0-a3f4-5a5fdc20cd9c\" class=\"wp-block-gutentor-counter-box gutentor-section gutentor-counter-wrapper counter-template3 has-image-bg has-custom-bg has-gutentor-overlay\"><div class=\"grid-container\"><div class=\"grid-row gutentor-grid-item-wrap\"><div class=\"gutentor-grid-column grid-lg-3 grid-md-3 grid-6\"><div class=\"gutentor-single-item gutentor-counter gutentor-single-item-0\"><div class=\"gutentor-single-item-wrap\"><div class=\"gutentor-single-item-icon-box\"><i class=\"fas fa-briefcase-medical\"><\/i><\/div><div class=\"gutentor-single-item-content\"><p class=\"gutentor-single-item-number\" data-duration=\"2\" data-start=\"0\" data-end=\"10\"><\/p><p class=\"gutentor-single-item-title\">a\u00f1os de experiencia<\/p><\/div><\/div><\/div><\/div><div class=\"gutentor-grid-column grid-lg-3 grid-md-3 grid-6\"><div class=\"gutentor-single-item gutentor-counter gutentor-single-item-1\"><div class=\"gutentor-single-item-wrap\"><div class=\"gutentor-single-item-icon-box\"><i class=\"fas fa-trophy\"><\/i><\/div><div class=\"gutentor-single-item-content\"><p class=\"gutentor-single-item-number\" data-duration=\"2\" data-start=\"0\" data-end=\"456\"><\/p><p class=\"gutentor-single-item-title\">casos de \u00e9xito<\/p><\/div><\/div><\/div><\/div><div class=\"gutentor-grid-column grid-lg-3 grid-md-3 grid-6\"><div class=\"gutentor-single-item gutentor-counter gutentor-single-item-2\"><div class=\"gutentor-single-item-wrap\"><div class=\"gutentor-single-item-icon-box\"><i class=\"fas fa-weight\"><\/i><\/div><div class=\"gutentor-single-item-content\"><p class=\"gutentor-single-item-number\" data-duration=\"2\" data-start=\"0\" data-end=\"789\"><\/p><p class=\"gutentor-single-item-title\">kilos menos<\/p><\/div><\/div><\/div><\/div><div class=\"gutentor-grid-column grid-lg-3 grid-md-3 grid-6\"><div class=\"gutentor-single-item gutentor-counter gutentor-single-item-3\"><div class=\"gutentor-single-item-wrap\"><div class=\"gutentor-single-item-icon-box\"><i class=\"fas fa-smile\"><\/i><\/div><div class=\"gutentor-single-item-content\"><p class=\"gutentor-single-item-number\" data-duration=\"2\" data-start=\"0\" data-end=\"1011\"><\/p><p class=\"gutentor-single-item-title\">vidas m\u00e1s felices<\/p><\/div><\/div><\/div><\/div><\/div><\/div><\/section>\n\n\n\n<section id=\"section-04186e52-892a-4c3d-9b38-5dc6da65225a\" class=\"wp-block-gutentor-team gutentor-section gutentor-team team-template1 has-color-bg has-custom-bg\"><div class=\"grid-container\"><div class=\"gutentor-block-header\"><div class=\"gutentor-section-title text-center\"><h2 class=\"gutentor-title\">Arm\u00e1 as\u00ed tu plato balanceado<\/h2><\/div><\/div><div class=\"grid-row gutentor-grid-item-wrap\"><div class=\"gutentor-grid-column grid-lg-4 grid-md-4 grid-12\"><div class=\"gutentor-single-item gutentor-image team-template1 gutentor-single-item-0\"><div class=\"gutentor-template-wrapper\"><div class=\"gutentor-single-item-image-box\"><div class=\"gutentor-image-thumb\"><img loading=\"lazy\" decoding=\"async\" class=\"normal-image\" src=\"http:\/\/valelanutri.com\/wp-content\/uploads\/2020\/12\/side-view-vegetables-with-spices-scaled.jpg\" alt=\"\" height=\"1707\" width=\"2560\"\/><\/div><\/div><div class=\"gutentor-single-item-content\"><h3 class=\"gutentor-single-item-title\">50% vegetales<\/h3><p class=\"gutentor-single-item-designation\">Cuidado con los vegetales harinosos como las papas o la yuca.<\/p><p class=\"gutentor-single-item-desc\"><\/p><\/div><\/div><\/div><\/div><div class=\"gutentor-grid-column grid-lg-4 grid-md-4 grid-12\"><div class=\"gutentor-single-item gutentor-image team-template1 gutentor-single-item-1\"><div class=\"gutentor-template-wrapper\"><div class=\"gutentor-single-item-image-box\"><div class=\"gutentor-image-thumb\"><img loading=\"lazy\" decoding=\"async\" class=\"normal-image\" src=\"http:\/\/valelanutri.com\/wp-content\/uploads\/2020\/12\/arrangement-of-veggies-and-salmon-fish-with-oil-scaled.jpg\" alt=\"\" height=\"1707\" width=\"2560\"\/><\/div><\/div><div class=\"gutentor-single-item-content\"><h3 class=\"gutentor-single-item-title\">30% prote\u00edna<\/h3><p class=\"gutentor-single-item-designation\">Busca prote\u00edna de calidad y preparala con poca grasa. <\/p><p class=\"gutentor-single-item-desc\"><\/p><\/div><\/div><\/div><\/div><div class=\"gutentor-grid-column grid-lg-4 grid-md-4 grid-12\"><div class=\"gutentor-single-item gutentor-image team-template1 gutentor-single-item-2\"><div class=\"gutentor-template-wrapper\"><div class=\"gutentor-single-item-image-box\"><div class=\"gutentor-image-thumb\"><img loading=\"lazy\" decoding=\"async\" class=\"normal-image\" src=\"http:\/\/valelanutri.com\/wp-content\/uploads\/2020\/12\/flat-lay-kidney-beans-with-rice-in-bowl-scaled.jpg\" alt=\"\" height=\"1707\" width=\"2560\"\/><\/div><\/div><div class=\"gutentor-single-item-content\"><h3 class=\"gutentor-single-item-title\">20% carbohidratos<\/h3><p class=\"gutentor-single-item-designation\">Pocos carbohidratos y, ojal\u00e1 con mucha fibra.<\/p><p class=\"gutentor-single-item-desc\"><\/p><\/div><\/div><\/div><\/div><\/div><\/div><\/section>\n","protected":false},"excerpt":{"rendered":"","protected":false},"author":1,"featured_media":0,"parent":0,"menu_order":0,"comment_status":"closed","ping_status":"closed","template":"template-gutentor-full-width.php","meta":{"spay_email":"","footnotes":""},"_links":{"self":[{"href":"https:\/\/valelanutri.com\/index.php?rest_route=\/wp\/v2\/pages\/21"}],"collection":[{"href":"https:\/\/valelanutri.com\/index.php?rest_route=\/wp\/v2\/pages"}],"about":[{"href":"https:\/\/valelanutri.com\/index.php?rest_route=\/wp\/v2\/types\/page"}],"author":[{"embeddable":true,"href":"https:\/\/valelanutri.com\/index.php?rest_route=\/wp\/v2\/users\/1"}],"replies":[{"embeddable":true,"href":"https:\/\/valelanutri.com\/index.php?rest_route=%2Fwp%2Fv2%2Fcomments&post=21"}],"version-history":[{"count":14,"href":"https:\/\/valelanutri.com\/index.php?rest_route=\/wp\/v2\/pages\/21\/revisions"}],"predecessor-version":[{"id":295,"href":"https:\/\/valelanutri.com\/index.php?rest_route=\/wp\/v2\/pages\/21\/revisions\/295"}],"wp:attachment":[{"href":"https:\/\/valelanutri.com\/index.php?rest_route=%2Fwp%2Fv2%2Fmedia&parent=21"}],"curies":[{"name":"wp","href":"https:\/\/api.w.org\/{rel}","templated":true}]}}