{"id":130,"date":"2020-11-28T05:16:07","date_gmt":"2020-11-28T05:16:07","guid":{"rendered":"http:\/\/valelanutri.com\/?page_id=130"},"modified":"2024-03-10T15:39:48","modified_gmt":"2024-03-10T15:39:48","slug":"inicio-2","status":"publish","type":"page","link":"https:\/\/valelanutri.com\/","title":{"rendered":"Inicio"},"content":{"rendered":"\n<p><\/p>\n\n\n\n<section id=\"section-fb72db51-2077-4323-b90c-bf932429a8db\" class=\"wp-block-gutentor-image-slider gutentor-section gutentor-image-slider imageSlider-template1\"><div class=\"gutentor-grid-item-wrap\"><div class=\"gutentor-slider-wrapper\" data-dots=\"true\" data-dots-tablet=\"false\" data-dots-mobile=\"false\" data-arrows=\"true\" data-arrows-tablet=\"false\" data-arrows-mobile=\"false\" data-infinite=\"false\" data-nextarrow=\"fas fa-angle-right\" data-prevarrow=\"fas fa-angle-left\" data-autoplay=\"true\" data-autoplayspeed=\"1000\" data-fade=\"false\" data-speed=\"1200\"><div class=\"gutentor-slider-item\"><div class=\"gutentor-single-item gutentor-single-item-0\"><div class=\"gutentor-single-item-wrap\"><div class=\"gutentor-single-item-image-box\"><div class=\"gutentor-bg-image\"><div class=\"overlay\"><\/div><\/div><\/div><div class=\"gutentor-single-item-content\"><div class=\"grid-container\"><div class=\"slider-caption text-left\"><h3 class=\"gutentor-single-item-title\"><\/h3><\/div><\/div><\/div><\/div><\/div><\/div><div class=\"gutentor-slider-item\"><div class=\"gutentor-single-item gutentor-single-item-1\"><div class=\"gutentor-single-item-wrap\"><div class=\"gutentor-single-item-image-box\"><div class=\"gutentor-bg-image\"><div class=\"overlay\"><\/div><\/div><\/div><div class=\"gutentor-single-item-content\"><div class=\"grid-container\"><div class=\"slider-caption text-left\"><h3 class=\"gutentor-single-item-title\">Aprende a desarrollar<br>h\u00e1bitos saludables<\/h3><\/div><\/div><\/div><\/div><\/div><\/div><div class=\"gutentor-slider-item\"><div class=\"gutentor-single-item gutentor-single-item-2\"><div class=\"gutentor-single-item-wrap\"><div class=\"gutentor-single-item-image-box\"><div class=\"gutentor-bg-image\"><div class=\"overlay\"><\/div><\/div><\/div><div class=\"gutentor-single-item-content\"><div class=\"grid-container\"><div class=\"slider-caption text-left\"><h3 class=\"gutentor-single-item-title\">Comida saludable, <br>familia saludable<\/h3><\/div><\/div><\/div><\/div><\/div><\/div><\/div><\/div><\/section>\n\n\n\n<section id=\"section-54be196c-44c2-489a-a03c-c3ffc988c04c\" class=\"wp-block-gutentor-about-block gutentor-section gutentor-about about-template1\"><div class=\"grid-container\"><div class=\"gutentor-grid-item-wrap\"><div class=\"gutentor-single-item\"><div class=\"grid-row\"><div class=\"grid-md-6 about-grid\"><div class=\"gutentor-single-item-image-box\"><div class=\"gutentor-image-thumb\"><img decoding=\"async\" class=\"normal-image\" src=\"http:\/\/valelanutri.com\/wp-content\/uploads\/2020\/12\/fotodoble-scaled.jpg\" alt=\"\"\/><\/div><\/div><\/div><div class=\"grid-md-6 about-grid\"><div class=\"gutentor-single-item-content\"><div class=\"gutentor-about-content\"><h3 class=\"gutentor-single-item-title\">Un estilo de vida m\u00e1s saludable para compartir con quienes te aman<\/h3><p class=\"gutentor-single-item-desc\"> Comer en familia trae much\u00edsimos beneficios, como desarrollar un sentimiento de pertenencia y estabilidad, fortalece la confianza, mejora la comunicaci\u00f3n en el hogar, incluso mejora el rendimiento escolar.<br><br>Si a esto le sumas preparar platillos balanceados y saludables, tendr\u00e1s la receta perfecta para una familia unida y feliz. <br><br>Adem\u00e1s de esto, es importante una buena alimentaci\u00f3n ya que, se ha demostrado, que ayuda a mejorar el estado de \u00e1nimo porque las hormonas tienen una mejor nivelaci\u00f3n. Acompa\u00f1ado de una buena rutina de ejercicio podr\u00e1s mejorar tu estilo de vida de forma integral.<\/p><\/div><\/div><\/div><\/div><\/div><\/div><\/div><\/section>\n\n\n\n<section id=\"section-8ea19221-7663-4b1d-b498-4beb9c9cd777\" class=\"wp-block-gutentor-icon-box gutentor-section gutentor-icon-wrapper icon-template1 has-color-bg has-custom-bg\"><div class=\"grid-container\"><div class=\"gutentor-block-header\"><div class=\"gutentor-section-title text-center\"><h2 class=\"gutentor-title\">Modalidades disponibles<\/h2><\/div><\/div><div class=\"grid-row gutentor-grid-item-wrap\"><div class=\"gutentor-grid-column grid-lg-4 grid-md-4 grid-12\"><div class=\"gutentor-single-item gutentor-icon gutentor-single-item-0\"><div class=\"gutentor-single-item-wrap\"><div class=\"gutentor-single-item-icon-box\"><i class=\"fas fa-star\"><\/i><\/div><div class=\"gutentor-single-item-content\"><h3 class=\"gutentor-single-item-title\">Consulta Inicial<\/h3><p class=\"gutentor-single-item-desc\">&#8211; 1 Hora de consulta<br>&#8211; Medici\u00f3n InBody<br>&#8211; Individual, en pareja (opci\u00f3n de consulta virtual)<\/p><\/div><\/div><\/div><\/div><div class=\"gutentor-grid-column grid-lg-4 grid-md-4 grid-12\"><div class=\"gutentor-single-item gutentor-icon gutentor-single-item-1\"><div class=\"gutentor-single-item-wrap\"><div class=\"gutentor-single-item-icon-box\"><i class=\"fas fa-user-friends\"><\/i><\/div><div class=\"gutentor-single-item-content\"><h3 class=\"gutentor-single-item-title\">Seguimiento<\/h3><p class=\"gutentor-single-item-desc\">&#8211; 1 Hora de consulta<br>&#8211; Medici\u00f3n InBody<br>&#8211; Individual, en pareja (opci\u00f3n de consulta virtual)<\/p><\/div><\/div><\/div><\/div><div class=\"gutentor-grid-column grid-lg-4 grid-md-4 grid-12\"><div class=\"gutentor-single-item gutentor-icon gutentor-single-item-2\"><div class=\"gutentor-single-item-wrap\"><div class=\"gutentor-single-item-icon-box\"><i class=\"fas fa-weight\"><\/i><\/div><div class=\"gutentor-single-item-content\"><h3 class=\"gutentor-single-item-title\">Medici\u00f3n<\/h3><p class=\"gutentor-single-item-desc\">&#8211; Inbody<\/p><\/div><\/div><\/div><\/div><\/div><\/div><\/section>\n\n\n\n<section id=\"section-aa57c028-f4ff-40cc-89cf-736f49faf19c\" class=\"wp-block-gutentor-image-box gutentor-section gutentor-image-wrapper imagebox-template1 has-gutentor-block-shape-top\"><div class=\"gutentor-block-shape-top\"><span><svg xmlns=\"http:\/\/www.w3.org\/2000\/svg\" viewBox=\"0 0 1000 100\" preserveAspectRatio=\"none\"><path d=\"M0,6V0H1000V100Z\" transform=\"translate(0 0)\"><\/path><\/svg><\/span><\/div><div class=\"grid-container\"><div class=\"gutentor-block-header\"><div class=\"gutentor-section-title text-center\"><h2 class=\"gutentor-title\">Podemos ayudarte si necesit\u00e1s:<\/h2><\/div><\/div><div class=\"grid-row gutentor-grid-item-wrap\"><div class=\"gutentor-grid-column grid-lg-4 grid-md-4 grid-12\"><div class=\"gutentor-single-item gutentor-image gutentor-single-item-0\"><div class=\"gutentor-single-item-wrap\"><div class=\"gutentor-single-item-image-box\"><div class=\"gutentor-image-thumb\"><img decoding=\"async\" class=\"normal-image\" src=\"http:\/\/valelanutri.com\/wp-content\/uploads\/2022\/06\/Screen-Shot-2022-05-31-at-20.24.41.png\" alt=\"\"\/><\/div><\/div><div class=\"gutentor-single-item-content\"><h3 class=\"gutentor-single-item-title\">Aumentar masa muscular<\/h3><\/div><\/div><\/div><\/div><div class=\"gutentor-grid-column grid-lg-4 grid-md-4 grid-12\"><div class=\"gutentor-single-item gutentor-image gutentor-single-item-1\"><div class=\"gutentor-single-item-wrap\"><div class=\"gutentor-single-item-image-box\"><div class=\"gutentor-image-thumb\"><img decoding=\"async\" class=\"normal-image\" src=\"http:\/\/valelanutri.com\/wp-content\/uploads\/2020\/12\/obese-boy-who-is-overweight-on-pink-background-scaled.jpg\" alt=\"\"\/><\/div><\/div><div class=\"gutentor-single-item-content\"><h3 class=\"gutentor-single-item-title\">Perder grasa<\/h3><\/div><\/div><\/div><\/div><div class=\"gutentor-grid-column grid-lg-4 grid-md-4 grid-12\"><div class=\"gutentor-single-item gutentor-image gutentor-single-item-2\"><div class=\"gutentor-single-item-wrap\"><div class=\"gutentor-single-item-image-box\"><div class=\"gutentor-image-thumb\"><img decoding=\"async\" class=\"normal-image\" src=\"http:\/\/valelanutri.com\/wp-content\/uploads\/2022\/06\/Screen-Shot-2022-05-31-at-20.23.10.png\" alt=\"\"\/><\/div><\/div><div class=\"gutentor-single-item-content\"><h3 class=\"gutentor-single-item-title\">Aprender a comer mejor<\/h3><\/div><\/div><\/div><\/div><div class=\"gutentor-grid-column grid-lg-4 grid-md-4 grid-12\"><div class=\"gutentor-single-item gutentor-image gutentor-single-item-3\"><div class=\"gutentor-single-item-wrap\"><div class=\"gutentor-single-item-image-box\"><div class=\"gutentor-image-thumb\"><img decoding=\"async\" class=\"normal-image\" src=\"http:\/\/valelanutri.com\/wp-content\/uploads\/2022\/06\/Screen-Shot-2022-05-31-at-20.23.43.png\" alt=\"\"\/><\/div><\/div><div class=\"gutentor-single-item-content\"><h3 class=\"gutentor-single-item-title\">Controlar enfermedades cr\u00f3nicas<\/h3><\/div><\/div><\/div><\/div><\/div><\/div><\/section>\n\n\n\n<section id=\"section-2c2efece-389a-4208-8014-444c2a9193cf\" class=\"wp-block-gutentor-about-block gutentor-section gutentor-about about-template1 has-color-bg has-custom-bg\"><div class=\"grid-container\"><div class=\"gutentor-grid-item-wrap\"><div class=\"gutentor-single-item\"><div class=\"grid-row\"><div class=\"grid-md-6 about-grid\"><div class=\"gutentor-single-item-image-box\"><div class=\"gutentor-image-thumb\"><img decoding=\"async\" class=\"normal-image\" src=\"http:\/\/valelanutri.com\/wp-content\/uploads\/2021\/02\/WhatsApp-Image-2021-02-17-at-5.10.09-PM.jpeg\" alt=\"\"\/><\/div><\/div><\/div><div class=\"grid-md-6 about-grid\"><div class=\"gutentor-single-item-content\"><div class=\"gutentor-about-content\"><h3 class=\"gutentor-single-item-title\">Dos son mejor que uno<\/h3><p class=\"gutentor-single-item-desc\">Si vos y tu pareja est\u00e1n pensando en mejorar su estilo de vida con una alimentaci\u00f3n balanceada, \u00a1este es el mejor momento!<br><br>Me encanta apoyar a las parejas y por eso les tenemos un precio especial. <br><br>Si les interesa, con\u00e1tctenme en este bot\u00f3n o v\u00eda whatsapp.<\/p><a class=\"gutentor-button gutentor-single-item-button gutentor-icon-hide\" href=\"https:\/\/wa.me\/50688563232\"><i class=\"gutentor-button-icon fas fa-book\"><\/i><span>Contactar<\/span><\/a><\/div><\/div><\/div><\/div><\/div><\/div><\/div><\/section>\n\n\n\n<section id=\"section-4d6c4040-6b29-4605-a2f9-63dccf526533\" class=\"wp-block-gutentor-call-to-action gutentor-section  gutentor-calltoaction call-to-action-template3 has-image-bg has-custom-bg\"><div class=\"grid-container\"><div class=\"gutentor-block-header\"><div class=\"gutentor-section-title text-center\"><h2 class=\"gutentor-title\">\u00a1Comenz\u00e1 tu transformaci\u00f3n hoy!<\/h2><\/div><\/div><div class=\"gutentor-grid-item-wrap\"><div class=\"gutentor-single-item\"><div class=\"gutentor-single-item-content\"><h3 class=\"gutentor-single-item-title\">+(506) 8856-3232<\/h3><div class=\"gutentor-single-item-desc\"><\/div><div class=\"gutentor-button-group\"><\/div><\/div><\/div><\/div><\/div><\/section>\n\n\n\n<section id=\"section-87dd0517-2424-4ceb-9d92-26506b5fffe0\" class=\"wp-block-gutentor-advanced-columns gutentor-section gutentor-advanced-columns\"><div class=\"grid-container\"><div class=\"grid-row\">\n<section id=\"section-3af3466d-c04b-4705-b7eb-30e17b2b6c0e\" class=\"wp-block-gutentor-single-column gutentor-single-column  grid-lg-7 grid-md-12 grid-12\">\n<section id=\"section-9f14af63-ef7e-4e44-9a8e-0bbb535b113b\" class=\"wp-block-gutentor-testimonial gutentor-section gutentor-testimonial testimonial-template3\"><div class=\"grid-container\"><div class=\"gutentor-block-header\"><div class=\"gutentor-section-title text-left\"><h2 class=\"gutentor-title\">Lo que dicen nuestros pacientes<\/h2><\/div><\/div><div class=\"grid-row gutentor-grid-item-wrap\"><div class=\"gutentor-grid-column grid-lg-6 grid-md-12 grid-12\"><div class=\"gutentor-single-item gutentor-single-item-0\"><div class=\"gutentor-single-item-content\"><div class=\"gutentor-single-item-image-box\"><div class=\"gutentor-image-thumb\"><img decoding=\"async\" class=\"normal-image\" src=\"http:\/\/valelanutri.com\/wp-content\/uploads\/2020\/12\/70320874_10220872720757412_1389261425918083072_n.jpg\" alt=\"\"\/><\/div><\/div><div class=\"gutentor-testimonial-content\"><div class=\"gutentor-testimonial-author\"><h3 class=\"gutentor-single-item-title\">Gonzalo S.<\/h3><\/div><p class=\"gutentor-single-item-desc\">&#8220;He bajado 5kg sin perder m\u00fasculo (solo grasa). No de la noche a la ma\u00f1ana y no con dietas locas. Con buena nutrici\u00f3n y ejercicio&#8221;<\/p><\/div><\/div><\/div><\/div><div class=\"gutentor-grid-column grid-lg-6 grid-md-12 grid-12\"><div class=\"gutentor-single-item gutentor-single-item-1\"><div class=\"gutentor-single-item-content\"><div class=\"gutentor-single-item-image-box\"><div class=\"gutentor-image-thumb\"><img decoding=\"async\" class=\"normal-image\" src=\"http:\/\/valelanutri.com\/wp-content\/uploads\/2020\/12\/15781315_10154205082008133_447622211707536817_n.jpg\" alt=\"\"\/><\/div><\/div><div class=\"gutentor-testimonial-content\"><div class=\"gutentor-testimonial-author\"><h3 class=\"gutentor-single-item-title\">Ariana M.<\/h3><\/div><p class=\"gutentor-single-item-desc\">&#8220;Entr\u00e9 para mejorar mi alimentaci\u00f3n y bajar de peso y sal\u00ed con nuevas metas de vida. (&#8230;) Aprendi que merezco siempre lo mejor para m\u00ed y con ello implica esfuerzo extra. Estar en zona de comfort es una muerte lenta&#8221;<\/p><\/div><\/div><\/div><\/div><div class=\"gutentor-grid-column grid-lg-6 grid-md-12 grid-12\"><div class=\"gutentor-single-item gutentor-single-item-2\"><div class=\"gutentor-single-item-content\"><div class=\"gutentor-single-item-image-box\"><div class=\"gutentor-image-thumb\"><img decoding=\"async\" class=\"normal-image\" src=\"http:\/\/valelanutri.com\/wp-content\/uploads\/2020\/12\/29571116_790356964484196_6495510968366449087_n.jpg\" alt=\"\"\/><\/div><\/div><div class=\"gutentor-testimonial-content\"><div class=\"gutentor-testimonial-author\"><h3 class=\"gutentor-single-item-title\">Heiner R.<\/h3><\/div><p class=\"gutentor-single-item-desc\">&#8220;Si andan buscando nutri tienen que ir con Vale la Nutri, Valeria Collado. Es una excelente profesional y los precios son s\u00faper accesibles. Amo el trato y gracias a ella aprend\u00ed a comer bien.&#8221;<\/p><\/div><\/div><\/div><\/div><div class=\"gutentor-grid-column grid-lg-6 grid-md-12 grid-12\"><div class=\"gutentor-single-item gutentor-single-item-3\"><div class=\"gutentor-single-item-content\"><div class=\"gutentor-single-item-image-box\"><div class=\"gutentor-image-thumb\"><img decoding=\"async\" class=\"normal-image\" src=\"http:\/\/valelanutri.com\/wp-content\/uploads\/2020\/12\/89792504_2709300665835127_6097923154439569408_n.jpg\" alt=\"\"\/><\/div><\/div><div class=\"gutentor-testimonial-content\"><div class=\"gutentor-testimonial-author\"><h3 class=\"gutentor-single-item-title\">Veris Q.<\/h3><\/div><p class=\"gutentor-single-item-desc\">&#8220;Me sentia triste y acomplejada aunque parec\u00eda feliz. Dios me permite hoy estar en manos de dos maravillosos \u00e1ngeles que me est\u00e1n apoyando primero a creer en mi y lograr con m\u00e1s \u00e9xito mis objetivos. Una cuida mi salud y nutrici\u00f3n (&#8230;) gracias mi Valeria bella por ser mi nutricionista estrella. <\/p><\/div><\/div><\/div><\/div><div class=\"gutentor-grid-column grid-lg-6 grid-md-12 grid-12\"><div class=\"gutentor-single-item gutentor-single-item-4\"><div class=\"gutentor-single-item-content\"><div class=\"gutentor-single-item-image-box\"><div class=\"gutentor-image-thumb\"><img decoding=\"async\" class=\"normal-image\" src=\"http:\/\/valelanutri.com\/wp-content\/uploads\/2021\/02\/WhatsApp-Image-2020-12-31-at-12.56.51-PM.jpeg\" alt=\"\"\/><\/div><\/div><div class=\"gutentor-testimonial-content\"><div class=\"gutentor-testimonial-author\"><h3 class=\"gutentor-single-item-title\">Marce H.<\/h3><\/div><p class=\"gutentor-single-item-desc\">&#8220;Me encanta porque en serio NO promueve dietas. Y le ha interesado full ayudarme a tener un estilo de vida saludable, equilibrado e integral (de acuerdo a mis recursos personales, a lo que busco y quiero)&#8221;<\/p><\/div><\/div><\/div><\/div><div class=\"gutentor-grid-column grid-lg-6 grid-md-12 grid-12\"><div class=\"gutentor-single-item gutentor-single-item-5\"><div class=\"gutentor-single-item-content\"><div class=\"gutentor-single-item-image-box\"><div class=\"gutentor-image-thumb\"><img decoding=\"async\" class=\"normal-image\" src=\"http:\/\/valelanutri.com\/wp-content\/uploads\/2020\/12\/Captura-de-Pantalla-2020-12-29-a-las-10.25.47.png\" alt=\"\"\/><\/div><\/div><div class=\"gutentor-testimonial-content\"><div class=\"gutentor-testimonial-author\"><h3 class=\"gutentor-single-item-title\">Fer G.<\/h3><\/div><p class=\"gutentor-single-item-desc\">&#8220;Me ha ido s\u00faper bien, he tenido casi nulos dolores de panza y m\u00e1s energ\u00eda todos los d\u00edas. Me quitaron un mont\u00f3n de medicamentos y me bajaron las dosis de otros. &#8220;Me siento s\u00faper bien en todo sentido!&#8221;<\/p><\/div><\/div><\/div><\/div><\/div><\/div><\/section>\n<\/section>\n\n\n\n<section id=\"section-927f986b-2041-4a40-9081-7c088e05b692\" class=\"wp-block-gutentor-single-column gutentor-single-column  grid-lg-5 grid-md-12 grid-12 has-color-bg has-custom-bg\">\n<section id=\"section-05225ce0-c58d-4732-9fcc-c3928c62a57f\" class=\"wp-block-gutentor-accordion gutentor-section gutentor-accordion-wrapper accordion-template1\"><div class=\"grid-container\"><div class=\"gutentor-block-header\"><div class=\"gutentor-section-title text-left\"><h2 class=\"gutentor-title\">\u00bfPor qu\u00e9 escogernos?<\/h2><\/div><\/div><div class=\"grid-row gutentor-grid-item-wrap\"><div class=\"grid-md-12\"><div class=\"gutentor-accordion-wrap\"><div class=\"gutentor-single-item gutentor-single-item-0\"><div class=\"gutentor-single-item-wrap\"><div class=\"gutentor-accordion-heading\"><i class=\"gutentor-accordion-icon open-icon fas fa-plus\"><\/i><i class=\"gutentor-accordion-icon close-icon fas fa-minus\"><\/i><h3 class=\"gutentor-single-item-title\">M\u00e1s de 7 a\u00f1os de experiencia<\/h3><\/div><div class=\"gutentor-accordion-body\"><p class=\"gutentor-single-item-desc\">Egresada de la UCR y m\u00e1s de 5 a\u00f1os de experiencia.<\/p><\/div><\/div><\/div><\/div><div class=\"gutentor-accordion-wrap\"><div class=\"gutentor-single-item gutentor-single-item-1\"><div class=\"gutentor-single-item-wrap\"><div class=\"gutentor-accordion-heading\"><i class=\"gutentor-accordion-icon open-icon fas fa-plus\"><\/i><i class=\"gutentor-accordion-icon close-icon fas fa-minus\"><\/i><h3 class=\"gutentor-single-item-title\">Tratamiento progresivo<\/h3><\/div><div class=\"gutentor-accordion-body\"><p class=\"gutentor-single-item-desc\">La idea no es quitarte todo lo que te gusta de un solo, sino ense\u00f1arte a comer lo que te gusta de modo que sea bueno para tu salud.<\/p><\/div><\/div><\/div><\/div><div class=\"gutentor-accordion-wrap\"><div class=\"gutentor-single-item gutentor-single-item-2\"><div class=\"gutentor-single-item-wrap\"><div class=\"gutentor-accordion-heading\"><i class=\"gutentor-accordion-icon open-icon fas fa-plus\"><\/i><i class=\"gutentor-accordion-icon close-icon fas fa-minus\"><\/i><h3 class=\"gutentor-single-item-title\">Baja de peso sin pasar hambre<\/h3><\/div><div class=\"gutentor-accordion-body\"><p class=\"gutentor-single-item-desc\">Yo le digo &#8220;NO&#8221; a las dietas extremas. Solo un estilo de vida balanceado nos dar\u00e1 cambios a largo plazo. <\/p><\/div><\/div><\/div><\/div><div class=\"gutentor-accordion-wrap\"><div class=\"gutentor-single-item gutentor-single-item-3\"><div class=\"gutentor-single-item-wrap\"><div class=\"gutentor-accordion-heading\"><i class=\"gutentor-accordion-icon open-icon fas fa-plus\"><\/i><i class=\"gutentor-accordion-icon close-icon fas fa-minus\"><\/i><h3 class=\"gutentor-single-item-title\">Men\u00fa basado en tus gustos<\/h3><\/div><div class=\"gutentor-accordion-body\"><p class=\"gutentor-single-item-desc\">Como mencion\u00e9 anteriormente, tomamos lo que ya te gusta como punto de partida.<\/p><\/div><\/div><\/div><\/div><\/div><\/div><\/div><\/section>\n<\/section>\n<\/div><\/div><\/section>\n\n\n\n<section id=\"section-f8560546-e615-48c5-afaf-9e304f461cd6\" class=\"wp-block-gutentor-about-block gutentor-section gutentor-about about-template4\"><div class=\"grid-container\"><div class=\"gutentor-grid-item-wrap\"><div class=\"gutentor-single-item\"><div class=\"grid-row\"><div class=\"grid-md-6 about-grid\"><div class=\"gutentor-single-item-content\"><div class=\"gutentor-about-content\"><h3 class=\"gutentor-single-item-title\">\u00bfSin tiempo para cocinar todos los d\u00edas?<br>\u00a1Te presentamos el <span style=\"color:#d7a35f\" class=\"has-inline-color\"><em>meal prep<\/em>!<\/span><\/h3><p class=\"gutentor-single-item-desc\">La idea detr\u00e1s de este m\u00e9todo culinario, es preparar tus comidas y platillos de toda la semana, quincena o mes (depender\u00e1 de qu\u00e9 alimentos se pueden o no congelar), para que no tengas que estar todos los d\u00edas pensando en qu\u00e9 hacer de comer, ni cocinando a la carrera. <br><br>El meal prep implica: <br>&#8211; Planificar tu men\u00fa con antelaci\u00f3n. <br>&#8211; Conocer y comprar los ingredientes que necesitar\u00e1s.<br>&#8211; Comprar en mayor cantidad una vez a la semana. <br>&#8211; Elegir un d\u00eda para lavar, cortar y cocinar.<br>&#8211; Distribuir en tuppers en porciones.<br>&#8211; Almacenar en el refrigerador y congelador.<\/p><\/div><\/div><\/div><div class=\"grid-md-6 about-grid\"><div class=\"gutentor-single-item-image-box\"><div class=\"gutentor-image-thumb\"><img decoding=\"async\" class=\"normal-image\" src=\"http:\/\/valelanutri.com\/wp-content\/uploads\/2020\/12\/assortment-of-batch-food-cooked-on-table-scaled.jpg\" alt=\"\"\/><\/div><\/div><\/div><\/div><\/div><\/div><\/div><\/section>\n\n\n\n<section id=\"section-fc9eb386-846a-46b6-b6b7-bd26a4130f1d\" class=\"wp-block-gutentor-advanced-columns gutentor-section gutentor-advanced-columns has-color-bg has-custom-bg\"><div class=\"grid-container\"><div class=\"grid-row\">\n<div id=\"section-5215ebf9-f9ee-4690-82b2-a10b8e673632\" class=\"wp-block-gutentor-single-column gutentor-single-column  grid-lg-9 grid-md-8 grid-12\">\n<section id=\"section-ba02dbc2-8a52-49f9-aca8-dbf0c3de4694\" class=\"wp-block-gutentor-content-box gutentor-section gutentor-content-box-wrapper content-template1\"><div class=\"grid-container gutentor-rm-ct-space\"><div class=\"grid-row gutentor-grid-item-wrap gutentor-rm-row-space\"><div class=\"gutentor-grid-column grid-lg-12 grid-md-12 grid-12 gutentor-rm-col-space\"><div class=\"gutentor-single-item gutentor-single-item-0\"><div class=\"gutentor-single-item-wrap\"><div class=\"gutentor-single-item-content\"><h3 class=\"gutentor-single-item-title\">\u00bfQuer\u00e9s saber m\u00e1s?<\/h3><\/div><\/div><\/div><\/div><\/div><\/div><\/section>\n\n\n\n<p><\/p>\n<\/div>\n\n\n\n<div id=\"section-e931f8cd-3812-47b9-b6fd-5020059c445e\" class=\"wp-block-gutentor-single-column gutentor-single-column  grid-lg-3 grid-md-4 grid-12\">\n<div id=\"section-7bcc0f36-2eb1-4887-ac08-fe22cdd22cc4\" class=\"wp-block-gutentor-content-box gutentor-section gutentor-content-box-wrapper content-template1\"><div class=\"grid-container gutentor-rm-ct-space\"><div class=\"grid-row gutentor-grid-item-wrap gutentor-rm-row-space\"><div class=\"gutentor-grid-column grid-lg-12 grid-md-12 grid-12 gutentor-rm-col-space\"><div class=\"gutentor-single-item gutentor-single-item-0\"><div class=\"gutentor-single-item-wrap\"><div class=\"gutentor-single-item-content\"><a class=\"gutentor-button gutentor-single-item-button gutentor-icon-hide\" href=\"http:\/\/valelanutri.com\/?page_id=24\"><i class=\"gutentor-button-icon fas fa-book\"><\/i><span>1 CONSULTA GRATIS<\/span><\/a><\/div><\/div><\/div><\/div><\/div><\/div><\/div>\n\n\n\n<p><\/p>\n<\/div>\n<\/div><\/div><\/section>\n\n\n\n<div style=\"height:100px\" aria-hidden=\"true\" class=\"wp-block-spacer\"><\/div>\n\n\n\n<p><\/p>\n","protected":false},"excerpt":{"rendered":"","protected":false},"author":1,"featured_media":0,"parent":0,"menu_order":0,"comment_status":"closed","ping_status":"closed","template":"template-gutentor-full-width.php","meta":{"spay_email":"","footnotes":""},"_links":{"self":[{"href":"https:\/\/valelanutri.com\/index.php?rest_route=\/wp\/v2\/pages\/130"}],"collection":[{"href":"https:\/\/valelanutri.com\/index.php?rest_route=\/wp\/v2\/pages"}],"about":[{"href":"https:\/\/valelanutri.com\/index.php?rest_route=\/wp\/v2\/types\/page"}],"author":[{"embeddable":true,"href":"https:\/\/valelanutri.com\/index.php?rest_route=\/wp\/v2\/users\/1"}],"replies":[{"embeddable":true,"href":"https:\/\/valelanutri.com\/index.php?rest_route=%2Fwp%2Fv2%2Fcomments&post=130"}],"version-history":[{"count":41,"href":"https:\/\/valelanutri.com\/index.php?rest_route=\/wp\/v2\/pages\/130\/revisions"}],"predecessor-version":[{"id":279,"href":"https:\/\/valelanutri.com\/index.php?rest_route=\/wp\/v2\/pages\/130\/revisions\/279"}],"wp:attachment":[{"href":"https:\/\/valelanutri.com\/index.php?rest_route=%2Fwp%2Fv2%2Fmedia&parent=130"}],"curies":[{"name":"wp","href":"https:\/\/api.w.org\/{rel}","templated":true}]}}